





{"id":1844,"date":"2025-05-09T15:06:44","date_gmt":"2025-05-09T19:06:44","guid":{"rendered":"https:\/\/absoluteresults.com\/?page_id=1844"},"modified":"2026-02-10T19:11:25","modified_gmt":"2026-02-11T00:11:25","slug":"qualiopi","status":"publish","type":"page","link":"https:\/\/www.absoluteresults.com\/fr\/qualiopi\/","title":{"rendered":"Qualiopi"},"content":{"rendered":"<section id=\"QInnerBanner\">\n    <div class=\"container\" id=\"banner-container\">\n        <div class=\"banner-area\">\n           <div class=\"q-banner\"><img width=\"100%\" src=\"https:\/\/www.absoluteresults.com\/wp-content\/uploads\/2025\/05\/AR-Training-FR-1.png\" alt=\"Qualiopi\"><\/div>\n            <div class=\"banner-cont\">\n                <h1>Boostez vos ventes gr\u00e2ce \u00e0 la formation, Absolute r\u00e9sults est certifi\u00e9 QUALIOPI<\/h1>\n                <p>Pr\u00e9sent en Europe depuis 2015 et depuis 1997 au Canada avec notre \u00e9quipe de 27 formateurs. D\u00e9couvrez ci-dessous 5 options de formation flexibles pour acc\u00e9l\u00e9rer votre croissance.<\/p>\n                <div class=\"row\">\n                    <div class=\"col\">\n                        <a class=\"btn-achor\" href=\"#qcontact\"><img width=\"300\" src=\"https:\/\/www.absoluteresults.com\/wp-content\/uploads\/2025\/05\/hero-img-btn-2.png\"><\/a>\n                    <\/div>\n                    <div class=\"col text-right\">\n                        <a class=\"q-image\" href=\"#qcontact\"><img width=\"350\" src=\"https:\/\/www.absoluteresults.com\/wp-content\/uploads\/2025\/05\/LOGO-QUALIOPI-A-UTILISER-3.jpg\"><\/a>\n                    <\/div>\n                <\/div>\n            <\/div>\n        <\/div>\n        <div class=\"counter_rating\">\n            <img src=\"https:\/\/www.absoluteresults.com\/wp-content\/uploads\/2026\/02\/Qualiopi-01-2.png\" alt=\"Qualiopi Rating\">\n            <img src=\"https:\/\/www.absoluteresults.com\/wp-content\/uploads\/2026\/02\/Qualiopi-03.png\" alt=\"Qualiopi Rating\">\n            <img src=\"https:\/\/www.absoluteresults.com\/wp-content\/uploads\/2026\/02\/Qualiopi-02.png\" alt=\"Qualiopi Rating\">\n            <img src=\"https:\/\/www.absoluteresults.com\/wp-content\/uploads\/2026\/02\/Qualiopi-04.png\" alt=\"Qualiopi Rating\">\n        <\/div>\n    <\/div>\n<\/section>\n\n<section id=\"QInnerBannerS1\">\n    <div class=\"container\" id=\"banner-container\">\n        <div class=\"row\">\n            <div class=\"col\">\n                <div class=\"s1-content\">\n                    <div class=\"s1-content-block\">\n                        <h3>NOTRE <strong>PROMESSE<\/strong><\/h3>\n<p class=\"green\"><em>Offrir aux clients une exp\u00e9rience d\u2019achat exceptionnelle.<\/em><\/p>\n<h3>NOTRE <strong>OBJECTIF<\/strong><\/h3>\n<ul>\n<li>Former, f\u00e9d\u00e9rer et aider vos \u00e9quipes de vente.<\/li>\n<li>Vendre l\u2019\u00e9quivalent d\u2019une semaine de vente en 1 journ\u00e9e de vente.<\/li>\n<li>Am\u00e9liorer les comp\u00e9tences t\u00e9l\u00e9phoniques de vos vendeurs.<\/li>\n<\/ul>\n<h3>PR\u00c9REQUIS<\/h3>\n<ul>\n<li>Aucun pr\u00e9requis n\u00e9cessaire pour participer \u00e0 cette formation.<\/li>\n<\/ul>\n<h3>ACCESSIBILIT\u00c9 <strong>ET HANDICAP<\/strong><\/h3>\n<p>Nos formations sont accessibles aux personnes en situation de handicap, quelle que soit la nature du handicap (sensoriel, moteur, cognitif ou autre).<\/p>\n<p>Contactez nos r\u00e9f\u00e9rents handicap pour toute demande sp\u00e9cifique.<\/p>\n                    <\/div>\n                    <div class=\"contact-anchor\">\n                        <a href=\"#qcontact\"><img width=\"290\" src=\"https:\/\/www.absoluteresults.com\/wp-content\/uploads\/2025\/05\/btn2.png\"><\/a>\n                    <\/div>\n                <\/div>\n            <\/div>\n        <\/div>\n    <\/div>\n    <div class=\"clr\"><\/div>\n<\/section>\n\n<section id=\"QInnerBannerS2\" class=\"\">\n  <div class=\"container\">\n   <div class=\"row\"><div class=\"col\">\n    <div class=\"q-training-course\">\n        <div class=\"container\">\n            <div class=\"row\">\n                <div class=\"col\"><h3>Nos <strong>Formations<\/strong><\/h3>\n<\/div>\n            <\/div>\n        <\/div>\n        <div class=\"qtc-list\">\n                        <div class=\"training-course-list\">\n                <div class=\"container\">\n                    <div class=\"q-list\">\n                        <img src=\"https:\/\/www.absoluteresults.com\/wp-content\/uploads\/2025\/05\/img1.png\">\n                        <h4>Formation \u00c9v\u00e9nement VIP T\u00e9l\u00e9phonique<\/h4>\n                        <h5>Transformez une formation en un \u00e9v\u00e9nement commercial \u00e0 fort impact<\/h5>\n                        <p>Une formation de 2 jours, suivie d\u2019une journ\u00e9e de vente priv\u00e9e en concession. Vos \u00e9quipes apprennent \u00e0 \u00e9tablir un lien fort avec les clients par t\u00e9l\u00e9phone, \u00e0 prendre un maximum de rendez-vous gr\u00e2ce aux cartes IWT, et \u00e0 transformer ces rendez-vous en ventes lors d\u2019un \u00e9v\u00e9nement VIP sc\u00e9naris\u00e9.  Aucun pr\u00e9requis n\u2019est n\u00e9cessaire. La formation combine th\u00e9orie, mises en situation r\u00e9elles, coaching et outils exclusifs. Un QCM de positionnement est r\u00e9alis\u00e9 en d\u00e9but de session, suivi d\u2019une \u00e9valuation finale. Accessible aux personnes en situation de handicap \u2014 nos r\u00e9f\u00e9rents handicap sont \u00e0 votre disposition. Inscriptions possibles jusqu\u2019\u00e0 7 jours avant le d\u00e9but de la session.<\/p>\n                    <\/div>\n                <\/div>\n                <div class=\"clr\"><\/div>\n            <\/div>\n                        <div class=\"training-course-list\">\n                <div class=\"container\">\n                    <div class=\"q-list\">\n                        <img src=\"https:\/\/www.absoluteresults.com\/wp-content\/uploads\/2025\/05\/img2.png\">\n                        <h4>Blitz T\u00e9l\u00e9phonique, BtoC ou B2B (2 Jours)<\/h4>\n                        <h5>Impact rapide. R\u00e9sultats durables.<\/h5>\n                        <p>Une version condens\u00e9e de notre formation t\u00e9l\u00e9phonique id\u00e9ale pour les \u00e9quipes dynamiques cherchant \u00e0 am\u00e9liorer rapidement leurs performances. Elle comprend deux journ\u00e9es intensives de formation et de prises de rendez-vous et une campagne pour contacter 500 clients potentiels par SMS et email.<\/p>\n                    <\/div>\n                <\/div>\n                <div class=\"clr\"><\/div>\n            <\/div>\n                        <div class=\"training-course-list\">\n                <div class=\"container\">\n                    <div class=\"q-list\">\n                        <img src=\"https:\/\/www.absoluteresults.com\/wp-content\/uploads\/2025\/05\/img3.png\">\n                        <h4>Formation T\u00e9l\u00e9phonique, BTC ou BTB (3 Jours)<\/h4>\n                        <h5>Ma\u00eetrisez l\u2019art de l\u2019appel<\/h5>\n                        <p>Pendant 3 jours, votre \u00e9quipe d\u00e9veloppera des comp\u00e9tences t\u00e9l\u00e9phoniques de haut niveau en utilisant notre syst\u00e8me exclusif IWT. Cette formation se concentre sur la conversion de leads \u00e0 froid en rendez-vous en concession via la connexion, la confiance et le storytelling. Parfait pour augmenter le taux de pr\u00e9sence et le volume de rendez-vous.<\/p>\n                    <\/div>\n                <\/div>\n                <div class=\"clr\"><\/div>\n            <\/div>\n                        <div class=\"training-course-list\">\n                <div class=\"container\">\n                    <div class=\"q-list\">\n                        <img src=\"https:\/\/www.absoluteresults.com\/wp-content\/uploads\/2025\/05\/img4.png\">\n                        <h4>Formation Vendeur (60 Jours)<\/h4>\n                        <h5>De vendeur \u00e0 expert commercial<\/h5>\n                        <p>Ce programme de 60 jours aide les conseillers \u00e0 am\u00e9liorer l\u2019interaction client et \u00e0 conclure plus de ventes gr\u00e2ce \u00e0 un syst\u00e8me \u00e9prouv\u00e9 de 7 modules. Coaching en concession, visioconf\u00e9rences de suivi et outils d\u2019\u00e9valuation pratiques : votre \u00e9quipe est pr\u00eate \u00e0 vendre une semaine de v\u00e9hicules en une seule journ\u00e9e.<\/p>\n                    <\/div>\n                <\/div>\n                <div class=\"clr\"><\/div>\n            <\/div>\n                        <div class=\"training-course-list\">\n                <div class=\"container\">\n                    <div class=\"q-list\">\n                        <img src=\"https:\/\/www.absoluteresults.com\/wp-content\/uploads\/2025\/05\/img5.png\">\n                        <h4>Formation Leadership Commercial (6 Mois)<\/h4>\n                        <h5>Transformez la culture manag\u00e9riale de votre concession<\/h5>\n                        <p>Un programme de 6 mois destin\u00e9 aux leaders de concession. Cette formation permet aux managers de coacher efficacement leurs \u00e9quipes, de cr\u00e9er une v\u00e9ritable culture du rendez-vous et d\u2019atteindre leurs objectifs mensuels. Comprend des sessions en concession, des suivis en visioconf\u00e9rence et des indicateurs de performance mesurables.<\/p>\n                    <\/div>\n                <\/div>\n                <div class=\"clr\"><\/div>\n            <\/div>\n            \n        <\/div>\n    <\/div>\n    <div class=\"btn-training-course\">\n        <a href=\"#qcontact\"><img width=\"500\" src=\"https:\/\/www.absoluteresults.com\/wp-content\/uploads\/2025\/05\/btn-long.png\"><\/a>\n    <\/div>\n    <div class=\"clr\"><\/div>\n    <\/div><\/div><\/div>\n<\/section>\n\n\n<section id=\"QInnerBannerS3\">\n    <div class=\"container\" id=\"banner-container\">\n        <div class=\"row\">\n            <div class=\"col\">\n                <div class=\"s3-content\">\n                   <div class=\"s3-content-block\">\n                        <h3><p><em><strong>\u00c0 quoi ressemble<\/strong> <span>notre formation<\/span><\/em><\/p>\n<\/h3>\n                    <\/div>\n                    <div class=\"contact-anchor\">\n                        <a data-fancybox href=\"https:\/\/player.vimeo.com\/video\/1006369698?h=50404f5a24&#038;badge=0&#038;autopause=0&#038;player_id=0&#038;app_id=58479\"><img src=\"https:\/\/www.absoluteresults.com\/wp-content\/uploads\/2025\/05\/video-img.png\"><\/a>\n                    <\/div>\n                    \n                <\/div>\n            <\/div>\n        <\/div>\n    <\/div>\n    <div class=\"clr\"><\/div>\n<\/section>\n\n\n<div class=\"wp-block-contact-form-7-contact-form-selector\"><div role=\"form\" class=\"wpcf7\" id=\"wpcf7-f1966-o1\" lang=\"en-US\" dir=\"ltr\">\n<div class=\"screen-reader-response\"><p role=\"status\" aria-live=\"polite\" aria-atomic=\"true\"><\/p> <ul><\/ul><\/div>\n<form action=\"\/fr\/wp-json\/wp\/v2\/pages\/1844#wpcf7-f1966-o1\" method=\"post\" class=\"wpcf7-form init\" novalidate=\"novalidate\" data-status=\"init\">\n<div style=\"display: none;\">\n<input type=\"hidden\" name=\"_wpcf7\" value=\"1966\" \/>\n<input type=\"hidden\" name=\"_wpcf7_version\" value=\"5.6.3\" \/>\n<input type=\"hidden\" name=\"_wpcf7_locale\" value=\"en_US\" \/>\n<input type=\"hidden\" name=\"_wpcf7_unit_tag\" value=\"wpcf7-f1966-o1\" \/>\n<input type=\"hidden\" name=\"_wpcf7_container_post\" value=\"0\" \/>\n<input type=\"hidden\" name=\"_wpcf7_posted_data_hash\" value=\"\" \/>\n<input type=\"hidden\" name=\"_wpcf7_recaptcha_response\" value=\"\" \/>\n<\/div>\n<style>\n                :root {\n                    --uacf7-slider-Selection-Color: #1e90ff;\n                    --uacf7-slider-handle-color: #3498db;\n                    --uacf7-slider-handle-width: 24px;\n                    --uacf7-slider-handle-height: 24px;\n                    --uacf7-slider-handle-border-radius: 24px;\n                    --uacf7-slider-range-slider-height: 9px;\n                }\n                .uacf7-form-1966 .ui-slider-horizontal .ui-slider-range {\n                    background-color: #1e90ff;\n                    height: 9px;\n                }\n                .uacf7-form-1966 .ui-widget.ui-widget-content {\n                    height: 9px;\n                    border: 1px solid #1e90ff;\n                    background-color: #EEE;\n                }\n                .uacf7-form-1966 .ui-state-default, .ui-widget-content .ui-state-default{\n                    background-color: #3498db;\n                    width: 24px;\n                    height: 24px;\n                    border-radius: 24px;\n                    cursor: pointer;\n                    border: none !important;\n                    top: -8px;\n                    position: absolute;<\/p>\n<p>                }<\/p>\n<p>                .uacf7-form-1966 .ui-slider-horizontal .ui-slider-handle {\n                    top: -8.5px;\n                }\n                .uacf7-form-1966 input[type=range] {\n                    background-color: #1e90ff;\n                    height: 9px;\n                    border-radius: 5px;\n                }\n                .uacf7-form-1966 .ui-slider-horizontal{\n                    height: 9px;\n                }\n                .uacf7-form-1966 .uacf7-slider::-webkit-slider-thumb {\n                    -webkit-appearance: none;\n                    appearance: none;\n                    width: 24px;\n                    height: 24px;\n                    background:#3498db;\n                    border-radius: 24px;\n                    cursor: pointer;\n                }<\/p>\n<p>                .uacf7-form-1966 .uacf7-slider::-moz-range-thumb {\n                    width: 24px;\n                    height: 24px;\n                    background: #3498db;\n                    border-radius: 24px;\n                    cursor: pointer;\n                }\n            <\/style>\n<div class=\"uacf7-form-1966\">\n<div class=\"uacf7-form-1966\">\n<div id=\"qcontact\">\n<h3><em>INT\u00c9RESS\u00c9 ?<\/em><\/h3>\n<p><em>Contactez-nous pour plus d\u2019informations ou pour faire une r\u00e9servation.<\/em><\/p>\n<div class=\"qualiopi-contact\">\n<div class=\"qName input-div\"><span class=\"wpcf7-form-control-wrap\" data-name=\"your-name\"><input type=\"text\" name=\"your-name\" value=\"\" size=\"40\" class=\"wpcf7-form-control wpcf7-text wpcf7-validates-as-required\" aria-required=\"true\" aria-invalid=\"false\" placeholder=\"Nom\" \/><\/span><\/div>\n<div class=\"qEmail input-div\"><span class=\"wpcf7-form-control-wrap\" data-name=\"your-email\"><input type=\"email\" name=\"your-email\" value=\"\" size=\"40\" class=\"wpcf7-form-control wpcf7-text wpcf7-email wpcf7-validates-as-required wpcf7-validates-as-email\" aria-required=\"true\" aria-invalid=\"false\" placeholder=\"E-mail\" \/><\/span><\/div>\n<div class=\"qPhone input-div\"><span class=\"wpcf7-form-control-wrap\" data-name=\"your-phone\"><input type=\"text\" name=\"your-phone\" value=\"\" size=\"40\" class=\"wpcf7-form-control wpcf7-text wpcf7-validates-as-required\" aria-required=\"true\" aria-invalid=\"false\" placeholder=\"T\u00e9l\u00e9phone\" \/><\/span><\/div>\n<div class=\"qCompanyName input-div\"><span class=\"wpcf7-form-control-wrap\" data-name=\"your-company-name\"><input type=\"text\" name=\"your-company-name\" value=\"\" size=\"40\" class=\"wpcf7-form-control wpcf7-text wpcf7-validates-as-required\" aria-required=\"true\" aria-invalid=\"false\" placeholder=\"Nom d\u2019enterprise\" \/><\/span><\/div>\n<div class=\"submit\"><input type=\"submit\" value=\"Contactez-nous\" class=\"wpcf7-form-control has-spinner wpcf7-submit\" \/><\/div>\n<\/div>\n<p><\/di><\/div>\n<\/div>\n<p style=\"display: none !important;\"><label>&#916;<textarea name=\"_wpcf7_ak_hp_textarea\" cols=\"45\" rows=\"8\" maxlength=\"100\"><\/textarea><\/label><input type=\"hidden\" id=\"ak_js_1\" name=\"_wpcf7_ak_js\" value=\"167\"\/><script>document.getElementById( \"ak_js_1\" ).setAttribute( \"value\", ( new Date() ).getTime() );<\/script><\/p><div class=\"wpcf7-response-output\" aria-hidden=\"true\"><\/div><\/form><\/div><\/div>\n","protected":false},"excerpt":{"rendered":"","protected":false},"author":2,"featured_media":0,"parent":0,"menu_order":0,"comment_status":"closed","ping_status":"closed","template":"page-qualiopi.php","meta":{"kt_blocks_editor_width":""},"yoast_head":"<!-- This site is optimized with the Yoast SEO plugin v19.1 - https:\/\/yoast.com\/wordpress\/plugins\/seo\/ -->\n<title>Qualiopi - Absolute Results<\/title>\n<meta name=\"robots\" content=\"index, follow, max-snippet:-1, max-image-preview:large, max-video-preview:-1\" \/>\n<link rel=\"canonical\" href=\"https:\/\/www.absoluteresults.com\/fr\/qualiopi\/\" \/>\n<meta property=\"og:locale\" content=\"fr_FR\" \/>\n<meta property=\"og:type\" content=\"article\" \/>\n<meta property=\"og:title\" content=\"Qualiopi - Absolute Results\" \/>\n<meta property=\"og:url\" content=\"https:\/\/www.absoluteresults.com\/fr\/qualiopi\/\" \/>\n<meta property=\"og:site_name\" content=\"Absolute Results\" \/>\n<meta property=\"article:publisher\" content=\"https:\/\/www.facebook.com\/HelloAbsoluteResults\/\" \/>\n<meta property=\"article:modified_time\" content=\"2026-02-11T00:11:25+00:00\" \/>\n<meta name=\"twitter:card\" content=\"summary_large_image\" \/>\n<meta name=\"twitter:label1\" content=\"Est. reading time\" \/>\n\t<meta name=\"twitter:data1\" content=\"1 minute\" \/>\n<script type=\"application\/ld+json\" class=\"yoast-schema-graph\">{\"@context\":\"https:\/\/schema.org\",\"@graph\":[{\"@type\":\"Organization\",\"@id\":\"http:\/\/172.26.4.15\/#organization\",\"name\":\"Absolute Results\",\"url\":\"http:\/\/172.26.4.15\/\",\"sameAs\":[\"https:\/\/www.linkedin.com\/company\/helloabsoluteresults\/mycompany\/verification\/\",\"https:\/\/www.facebook.com\/HelloAbsoluteResults\/\"],\"logo\":{\"@type\":\"ImageObject\",\"inLanguage\":\"fr-FR\",\"@id\":\"http:\/\/172.26.4.15\/#\/schema\/logo\/image\/\",\"url\":\"http:\/\/172.26.4.15\/wp-content\/uploads\/2022\/07\/logo.png\",\"contentUrl\":\"http:\/\/172.26.4.15\/wp-content\/uploads\/2022\/07\/logo.png\",\"width\":190,\"height\":60,\"caption\":\"Absolute Results\"},\"image\":{\"@id\":\"http:\/\/172.26.4.15\/#\/schema\/logo\/image\/\"}},{\"@type\":\"WebSite\",\"@id\":\"http:\/\/172.26.4.15\/#website\",\"url\":\"http:\/\/172.26.4.15\/\",\"name\":\"Absolute Results\",\"description\":\"Helping Dealers Sell Cars Today and Tomorrow!\",\"publisher\":{\"@id\":\"http:\/\/172.26.4.15\/#organization\"},\"potentialAction\":[{\"@type\":\"SearchAction\",\"target\":{\"@type\":\"EntryPoint\",\"urlTemplate\":\"http:\/\/172.26.4.15\/?s={search_term_string}\"},\"query-input\":\"required name=search_term_string\"}],\"inLanguage\":\"fr-FR\"},{\"@type\":\"WebPage\",\"@id\":\"https:\/\/www.absoluteresults.com\/fr\/qualiopi\/#webpage\",\"url\":\"https:\/\/www.absoluteresults.com\/fr\/qualiopi\/\",\"name\":\"Qualiopi - Absolute Results\",\"isPartOf\":{\"@id\":\"http:\/\/172.26.4.15\/#website\"},\"datePublished\":\"2025-05-09T19:06:44+00:00\",\"dateModified\":\"2026-02-11T00:11:25+00:00\",\"breadcrumb\":{\"@id\":\"https:\/\/www.absoluteresults.com\/fr\/qualiopi\/#breadcrumb\"},\"inLanguage\":\"fr-FR\",\"potentialAction\":[{\"@type\":\"ReadAction\",\"target\":[\"https:\/\/www.absoluteresults.com\/fr\/qualiopi\/\"]}]},{\"@type\":\"BreadcrumbList\",\"@id\":\"https:\/\/www.absoluteresults.com\/fr\/qualiopi\/#breadcrumb\",\"itemListElement\":[{\"@type\":\"ListItem\",\"position\":1,\"name\":\"Home\",\"item\":\"https:\/\/unleash.absoluteresults.com\/fr\/\"},{\"@type\":\"ListItem\",\"position\":2,\"name\":\"Qualiopi\"}]}]}<\/script>\n<!-- \/ Yoast SEO plugin. -->","yoast_head_json":{"title":"Qualiopi - Absolute Results","robots":{"index":"index","follow":"follow","max-snippet":"max-snippet:-1","max-image-preview":"max-image-preview:large","max-video-preview":"max-video-preview:-1"},"canonical":"https:\/\/www.absoluteresults.com\/fr\/qualiopi\/","og_locale":"fr_FR","og_type":"article","og_title":"Qualiopi - Absolute Results","og_url":"https:\/\/www.absoluteresults.com\/fr\/qualiopi\/","og_site_name":"Absolute Results","article_publisher":"https:\/\/www.facebook.com\/HelloAbsoluteResults\/","article_modified_time":"2026-02-11T00:11:25+00:00","twitter_card":"summary_large_image","twitter_misc":{"Est. reading time":"1 minute"},"schema":{"@context":"https:\/\/schema.org","@graph":[{"@type":"Organization","@id":"http:\/\/172.26.4.15\/#organization","name":"Absolute Results","url":"http:\/\/172.26.4.15\/","sameAs":["https:\/\/www.linkedin.com\/company\/helloabsoluteresults\/mycompany\/verification\/","https:\/\/www.facebook.com\/HelloAbsoluteResults\/"],"logo":{"@type":"ImageObject","inLanguage":"fr-FR","@id":"http:\/\/172.26.4.15\/#\/schema\/logo\/image\/","url":"http:\/\/172.26.4.15\/wp-content\/uploads\/2022\/07\/logo.png","contentUrl":"http:\/\/172.26.4.15\/wp-content\/uploads\/2022\/07\/logo.png","width":190,"height":60,"caption":"Absolute Results"},"image":{"@id":"http:\/\/172.26.4.15\/#\/schema\/logo\/image\/"}},{"@type":"WebSite","@id":"http:\/\/172.26.4.15\/#website","url":"http:\/\/172.26.4.15\/","name":"Absolute Results","description":"Helping Dealers Sell Cars Today and Tomorrow!","publisher":{"@id":"http:\/\/172.26.4.15\/#organization"},"potentialAction":[{"@type":"SearchAction","target":{"@type":"EntryPoint","urlTemplate":"http:\/\/172.26.4.15\/?s={search_term_string}"},"query-input":"required name=search_term_string"}],"inLanguage":"fr-FR"},{"@type":"WebPage","@id":"https:\/\/www.absoluteresults.com\/fr\/qualiopi\/#webpage","url":"https:\/\/www.absoluteresults.com\/fr\/qualiopi\/","name":"Qualiopi - Absolute Results","isPartOf":{"@id":"http:\/\/172.26.4.15\/#website"},"datePublished":"2025-05-09T19:06:44+00:00","dateModified":"2026-02-11T00:11:25+00:00","breadcrumb":{"@id":"https:\/\/www.absoluteresults.com\/fr\/qualiopi\/#breadcrumb"},"inLanguage":"fr-FR","potentialAction":[{"@type":"ReadAction","target":["https:\/\/www.absoluteresults.com\/fr\/qualiopi\/"]}]},{"@type":"BreadcrumbList","@id":"https:\/\/www.absoluteresults.com\/fr\/qualiopi\/#breadcrumb","itemListElement":[{"@type":"ListItem","position":1,"name":"Home","item":"https:\/\/unleash.absoluteresults.com\/fr\/"},{"@type":"ListItem","position":2,"name":"Qualiopi"}]}]}},"_links":{"self":[{"href":"https:\/\/www.absoluteresults.com\/fr\/wp-json\/wp\/v2\/pages\/1844"}],"collection":[{"href":"https:\/\/www.absoluteresults.com\/fr\/wp-json\/wp\/v2\/pages"}],"about":[{"href":"https:\/\/www.absoluteresults.com\/fr\/wp-json\/wp\/v2\/types\/page"}],"author":[{"embeddable":true,"href":"https:\/\/www.absoluteresults.com\/fr\/wp-json\/wp\/v2\/users\/2"}],"replies":[{"embeddable":true,"href":"https:\/\/www.absoluteresults.com\/fr\/wp-json\/wp\/v2\/comments?post=1844"}],"version-history":[{"count":137,"href":"https:\/\/www.absoluteresults.com\/fr\/wp-json\/wp\/v2\/pages\/1844\/revisions"}],"predecessor-version":[{"id":2182,"href":"https:\/\/www.absoluteresults.com\/fr\/wp-json\/wp\/v2\/pages\/1844\/revisions\/2182"}],"wp:attachment":[{"href":"https:\/\/www.absoluteresults.com\/fr\/wp-json\/wp\/v2\/media?parent=1844"}],"curies":[{"name":"wp","href":"https:\/\/api.w.org\/{rel}","templated":true}]}}