





{"id":1152,"date":"2022-12-20T15:47:40","date_gmt":"2022-12-20T20:47:40","guid":{"rendered":"https:\/\/unleash.absoluteresults.com\/?page_id=1152"},"modified":"2024-08-26T14:29:46","modified_gmt":"2024-08-26T18:29:46","slug":"people-and-culture","status":"publish","type":"page","link":"https:\/\/www.absoluteresults.com\/fr\/people-and-culture\/","title":{"rendered":"LIB\u00c9RER VOTRE POTENTIEL INT\u00c9RIEUR"},"content":{"rendered":"<section id=\"InnerBanner\" class=\"page-sub-inner-header\">\n    <div class=\"ar-bg\" style=\"background-image: url('https:\/\/www.absoluteresults.com\/wp-content\/uploads\/2022\/07\/people-culture-banner.png');\">\n        <div class=\"container\" id=\"banner-container\">\n           <div class=\"banner-area\">\n                <div class=\"unleash-bg\">\n                    <img src=\"https:\/\/www.absoluteresults.com\/wp-content\/themes\/absoluteresults\/assets\/images\/inner-Green-bar.png\">\n                <\/div>\n                <div class=\"banner-cont\">\n                    <h1>LIB\u00c9RER <br>VOTRE <br>POTENTIEL<br> INT\u00c9RIEUR<\/h1>\n                                        <div class=\"banner-button\">\n                       <a href=\"#\">\n                       <span class=\"circle\"><span class=\"fa fa-fw fa-play\"><\/span><\/span>\n                        <span class=\"button-text\">Our People &#038; Culture<\/span>\n                        <\/a>\n                    <\/div>\n                                    <\/div>\n            <\/div>\n            <!-- <div class=\"arrow-down\"><a href=\"#ConsultingSection\" class=\"page-scroller\"><i class=\"fa fa-fw fa-arrow-down-long\"><\/i><\/a><\/div> -->\n            \n        <\/div>\n    <\/div>\n<\/section>\n\n\n\n<section id=\"OurApproachSection\" class=\"inner our-approach\">\n    <div class=\"container\">\n        <div class=\"our-approach-block row\">\n            <div class=\"sub-heading\">Notre approche.<\/div>\n            <div class=\"our-approach-image-bg col-md-5\">\n                <img src=\"https:\/\/www.absoluteresults.com\/wp-content\/uploads\/2022\/12\/our-approach.png\" alt=\"\" \/>\n            <\/div>\n            <div class=\"our-approach-content col-md-7\">\n                <div class=\"our-approach-header\"><h2>Nos employ\u00e9s sont<br> la source de notre pouvoir.<\/h2><\/div>\n                <div class=\"block-desc\"><p>L\u2019importante croissance de notre \u00e9quipe internationale attire les meilleurs talents et des individus qui sont uniques, qui partagent nos valeurs, nos objectifs et notre engagement, et qui sont encourag\u00e9s \u00e0 lib\u00e9rer tout leur potentiel. L\u2019\u00e9volution constante de l\u2019industrie automobile favorise notre \u00e9panouissement et nous fait appr\u00e9cier la position privil\u00e9gi\u00e9e que nous y occupons. La collaboration avec nos partenaires, la communication avec notre client\u00e8le et notre succ\u00e8s dans l\u2019am\u00e9lioration de l\u2019exp\u00e9rience d\u2019achat du v\u00e9hicule sont les facteurs qui nous font avancer.<\/p>\n<\/div>\n            <\/div>\n        <\/div>\n    <\/div>\n<\/section>\n\n<section id=\"OurCoreValue\" class=\"core_value\">\n        <div class=\"core-slide-div\">\n        <div class=\"container\">\n            <div class=\"core-header\">\n                 <h3>Nos valeurs essentielles <\/h3>\n            <\/div>\n             <div class=\"core-pagination\">\n                 <button class=\"core-button c-previous\"><i class=\"fa fa-fw fa-arrow-left\"><\/i><\/button>\n                 <span class=\"core-counter\"><\/span> \n                 <button class=\"core-button c-next\"><i class=\"fa fa-fw fa-arrow-right\"><\/i><\/button> \n             <\/div>\n        <\/div>\n         <div class=\"core-slide-cont\">\n                            \n             <div class=\"core_slide\" >\n                <div class=\"container\">\n                 <div class=\"core_value-image-bg\" style=\"background:#644784\">\n                    <div class=\"core-bg\"><img src=\"https:\/\/www.absoluteresults.com\/wp-content\/uploads\/2022\/08\/driven-by-curiosity.png\"><\/div>\n                 <\/div>\n                 <div class=\"core_value-block\">\n                    <div class=\"core_value-content\">\n                        <div class=\"core_value-header\"><h2>Motiv\u00e9s par la curiosit\u00e9<\/h2><\/div>\n                        <div class=\"block-desc\">Explorer de nouveaux horizons, apprendre de nouvelles choses et cultiver l\u2019\u00e9tat d\u2019esprit d\u2019un enfant curieux.<\/div>\n                    <\/div>\n                <\/div>\n             <\/div>\n              <\/div>\n                           \n             <div class=\"core_slide\" >\n                <div class=\"container\">\n                 <div class=\"core_value-image-bg\" style=\"background:#b580d1\">\n                    <div class=\"core-bg\"><img src=\"https:\/\/www.absoluteresults.com\/wp-content\/uploads\/2022\/08\/exceed-expectation.png\"><\/div>\n                 <\/div>\n                 <div class=\"core_value-block\">\n                    <div class=\"core_value-content\">\n                        <div class=\"core_value-header\"><h2>D\u00e9passer les attentes<\/h2><\/div>\n                        <div class=\"block-desc\">Si vous n\u2019appr\u00e9ciez pas les r\u00e9sultats, personne d\u2019autre ne les appr\u00e9ciera non plus.<\/div>\n                    <\/div>\n                <\/div>\n             <\/div>\n              <\/div>\n                           \n             <div class=\"core_slide\" >\n                <div class=\"container\">\n                 <div class=\"core_value-image-bg\" style=\"background:#8b9090\">\n                    <div class=\"core-bg\"><img src=\"https:\/\/www.absoluteresults.com\/wp-content\/uploads\/2022\/08\/extravagant-generous.png\"><\/div>\n                 <\/div>\n                 <div class=\"core_value-block\">\n                    <div class=\"core_value-content\">\n                        <div class=\"core_value-header\"><h2>Extraordinairement g\u00e9n\u00e9reux<\/h2><\/div>\n                        <div class=\"block-desc\">Nous sommes motiv\u00e9s par toutes les possibilit\u00e9s de donner un coup de main \u00e0 ceux qui en ont besoin.<\/div>\n                    <\/div>\n                <\/div>\n             <\/div>\n              <\/div>\n                           \n             <div class=\"core_slide\" >\n                <div class=\"container\">\n                 <div class=\"core_value-image-bg\" style=\"background:#98d399\">\n                    <div class=\"core-bg\"><img src=\"https:\/\/www.absoluteresults.com\/wp-content\/uploads\/2022\/08\/global-impact.png\"><\/div>\n                 <\/div>\n                 <div class=\"core_value-block\">\n                    <div class=\"core_value-content\">\n                        <div class=\"core_value-header\"><h2>Une pr\u00e9sence internationale associ\u00e9e \u00e0 la connaissance du march\u00e9 local<\/h2><\/div>\n                        <div class=\"block-desc\">Une longue exp\u00e9rience gagn\u00e9e sur le terrain dynamise la passion qui nous motive. Cela nous permet d\u2019attirer les meilleurs talents dans chaque march\u00e9 et de respecter notre engagement envers l\u2019excellence.<\/div>\n                    <\/div>\n                <\/div>\n             <\/div>\n              <\/div>\n                           \n             <div class=\"core_slide\" >\n                <div class=\"container\">\n                 <div class=\"core_value-image-bg\" style=\"background:#fb9e9e\">\n                    <div class=\"core-bg\"><img src=\"https:\/\/www.absoluteresults.com\/wp-content\/uploads\/2022\/08\/make-it-better.png\"><\/div>\n                 <\/div>\n                 <div class=\"core_value-block\">\n                    <div class=\"core_value-content\">\n                        <div class=\"core_value-header\"><h2>Vers un meilleur avenir<\/h2><\/div>\n                        <div class=\"block-desc\">Am\u00e9liorer la situation actuelle, laisser les choses en meilleur \u00e9tat que vous les avez trouv\u00e9es.\r\n<\/div>\n                    <\/div>\n                <\/div>\n             <\/div>\n              <\/div>\n                           \n             <div class=\"core_slide\" >\n                <div class=\"container\">\n                 <div class=\"core_value-image-bg\" style=\"background:#3596e5\">\n                    <div class=\"core-bg\"><img src=\"https:\/\/www.absoluteresults.com\/wp-content\/uploads\/2022\/08\/plugged-in.png\"><\/div>\n                 <\/div>\n                 <div class=\"core_value-block\">\n                    <div class=\"core_value-content\">\n                        <div class=\"core_value-header\"><h2>Rester connect\u00e9s<\/h2><\/div>\n                        <div class=\"block-desc\">Rester connect\u00e9s les uns aux autres, renforcer les liens avec nos clients et garder \u00e0 l\u2019esprit nos objectifs.<\/div>\n                    <\/div>\n                <\/div>\n             <\/div>\n              <\/div>\n                           \n             <div class=\"core_slide\" >\n                <div class=\"container\">\n                 <div class=\"core_value-image-bg\" style=\"background:#7b55a5\">\n                    <div class=\"core-bg\"><img src=\"https:\/\/www.absoluteresults.com\/wp-content\/uploads\/2022\/08\/think-beyond.png\"><\/div>\n                 <\/div>\n                 <div class=\"core_value-block\">\n                    <div class=\"core_value-content\">\n                        <div class=\"core_value-header\"><h2>Penser plus loin, au-del\u00e0 du pr\u00e9sent<\/h2><\/div>\n                        <div class=\"block-desc\">Toutes nos actions sont mises en place pour aujourd\u2019hui, tout en anticipant les tendances futures.<\/div>\n                    <\/div>\n                <\/div>\n             <\/div>\n              <\/div>\n                           \n             <div class=\"core_slide\" >\n                <div class=\"container\">\n                 <div class=\"core_value-image-bg\" style=\"background:#73d4da\">\n                    <div class=\"core-bg\"><img src=\"https:\/\/www.absoluteresults.com\/wp-content\/uploads\/2022\/08\/find-like-minds.png\"><\/div>\n                 <\/div>\n                 <div class=\"core_value-block\">\n                    <div class=\"core_value-content\">\n                        <div class=\"core_value-header\"><h2>Partager la route avec ceux qui partagent les m\u00eames valeurs<\/h2><\/div>\n                        <div class=\"block-desc\">Nous choisissons d\u00e9lib\u00e9r\u00e9ment des partenaires qui partagent nos croyances et nos valeurs. <\/div>\n                    <\/div>\n                <\/div>\n             <\/div>\n              <\/div>\n                      <\/div>\n         <\/div>\n         <div class=\"clr\"><\/div>\n<\/section>\n    \n    \n    \n\n   <section class=\"ot-urteam\">\n    <div class=\"container\">\n        <div class=\"onboarding-page\">\n            <h3>LIB\u00c9RER VOTRE POTENTIEL INT\u00c9RIEUR, meet your team!<\/h3>\n        <\/div>\n        <div class=\"pandc-webpage\">\n            <h2>Notre \u00e9quipe <br\/>Leadership<\/h2>\n            <div class=\"team-listingdisplay\">\n                              <ul>\n                                        <li><span>Leadership <i class=\"fa-solid fa-arrow-right\"><\/i><\/span><\/li>\n                                    <\/ul>\n                            <\/div>\n        <\/div>\n        <div class=\"our-team-list Leadership\">\n                            <div class=\"team-list-cont\">\n                <div class=\"tlc-row row\">\n                                <div class=\"team-list-info col-md-3 col-sm-6 id1356 col-lg-3\">\n                    <img src=\"https:\/\/www.absoluteresults.com\/wp-content\/uploads\/2022\/12\/Jeff-Williams-Absolute-Results-CEO.png\" alt=\"\" \/>\n                    <h3>Priv\u00e9\u00a0: Jeff Williams<\/h3>\n                    \n                    <h6 class=\"job-decs\">\n                         CEO                    <\/h6>\n                                                        <\/div>\n                            <div class=\"team-list-info col-md-3 col-sm-6 id1355 col-lg-3\">\n                    <img src=\"https:\/\/www.absoluteresults.com\/wp-content\/uploads\/2022\/12\/Lorne-Olichny.png\" alt=\"\" \/>\n                    <h3>Priv\u00e9\u00a0: Lorne Olichny<\/h3>\n                    \n                    <h6 class=\"job-decs\">\n                         Sr. Vice President, Training Services                    <\/h6>\n                                                        <\/div>\n                            <div class=\"team-list-info col-md-3 col-sm-6 id1354 col-lg-3\">\n                    <img src=\"https:\/\/www.absoluteresults.com\/wp-content\/uploads\/2022\/12\/Keray-Headshot.png\" alt=\"\" \/>\n                    <h3>Priv\u00e9\u00a0: Keray Robirtis<\/h3>\n                    \n                    <h6 class=\"job-decs\">\n                         Senior VP &#038; Regional Director of North America                    <\/h6>\n                                                        <\/div>\n                            <div class=\"team-list-info col-md-3 col-sm-6 id1660 col-lg-3\">\n                    <img src=\"https:\/\/www.absoluteresults.com\/wp-content\/uploads\/2024\/01\/Josh-Heppner.png\" alt=\"\" \/>\n                    <h3>Priv\u00e9\u00a0: Josh Heppner<\/h3>\n                    \n                    <h6 class=\"job-decs\">\n                         COO                    <\/h6>\n                                                        <\/div>\n                            <div class=\"team-list-info col-md-3 col-sm-6 id1657 col-lg-3\">\n                    <img src=\"https:\/\/www.absoluteresults.com\/wp-content\/uploads\/2024\/01\/Emily-Tsen.png\" alt=\"\" \/>\n                    <h3>Priv\u00e9\u00a0: Emily Tsen<\/h3>\n                    \n                    <h6 class=\"job-decs\">\n                         CPA                    <\/h6>\n                                                        <\/div>\n                            <div class=\"team-list-info col-md-3 col-sm-6 id1339 col-lg-3\">\n                    <img src=\"https:\/\/www.absoluteresults.com\/wp-content\/uploads\/2022\/12\/Steve-Headshot.png\" alt=\"\" \/>\n                    <h3>Priv\u00e9\u00a0: Steve Zanlunghi<\/h3>\n                    \n                    <h6 class=\"job-decs\">\n                         Regional Director APAC, USA, UK                    <\/h6>\n                                                        <\/div>\n                            <div class=\"team-list-info col-md-3 col-sm-6 id1661 col-lg-3\">\n                    <img src=\"https:\/\/www.absoluteresults.com\/wp-content\/uploads\/2024\/01\/Jean-Marie.png\" alt=\"\" \/>\n                    <h3>Priv\u00e9\u00a0: Jean-Marie Riviere<\/h3>\n                    \n                    <h6 class=\"job-decs\">\n                         Regional Director Europe                    <\/h6>\n                                                        <\/div>\n                            <div class=\"team-list-info col-md-3 col-sm-6 id1662 col-lg-3\">\n                    <img src=\"https:\/\/www.absoluteresults.com\/wp-content\/uploads\/2024\/01\/Phil-Tamboriello.png\" alt=\"\" \/>\n                    <h3>Priv\u00e9\u00a0: Phil Tamboriello<\/h3>\n                    \n                    <h6 class=\"job-decs\">\n                         Director, Training &#038; Operations Europe                    <\/h6>\n                                                        <\/div>\n                            <div class=\"team-list-info col-md-3 col-sm-6 id1353 col-lg-3\">\n                    <img src=\"https:\/\/www.absoluteresults.com\/wp-content\/uploads\/2024\/01\/Larry-Smith-.png\" alt=\"\" \/>\n                    <h3>Priv\u00e9\u00a0: Larry Smith<\/h3>\n                    \n                    <h6 class=\"job-decs\">\n                         Dealer Group &#038; Leadership Consulting                    <\/h6>\n                                                        <\/div>\n                        <\/div>\n            <\/div>\n                \n        <\/div>\n        <div class=\"clr\"><\/div>\n    <\/div>\n    <style type=\"text\/css\">\n        \/*.postid-1152 .ot-urteam {display:none !important}*\/\n        .ot-urteam {display:none}\n        .postid-1802 .ot-urteam {display:block}\n        .postid-1801 .ot-area3, .postid-1801 .ot-code, .postid-1801 .ot-area1 {display:none !important}\n    <\/style>\n<\/section>\n\n           \n           \n            \n    \n    \n\n<section id=\"CurrentPosition\" class=\"current-position\">\n   <div class=\"container\">\n        <div class=\"currentposition-block row\">\n            <div class=\"sub-heading\">Postes vacants<\/div>\n            <div class=\"currentposition-image-bg col-md-5\">\n                <img src=\"https:\/\/www.absoluteresults.com\/wp-content\/uploads\/2022\/12\/current-position.png\" alt=\"\" \/>\n            <\/div>\n            <div class=\"currentposition-content col-md-7\">\n                <div class=\"currentposition-header\"><h2>NOUS VOULONS<br> LIB\u00c9RER<br> VOTRE<br>  POTENTIEL<\/h2><\/div>\n                <div class=\"block-desc\">\n                    <div class=\"current-position-cont\">\n                                                <div class=\"current-position-list\">\n                           <div class=\"current-position-item\">\n                               <h4 class=\"current-position-title\">Formateur en vente automobile<\/h4>\n                               <div class=\"position-desc\"><\/div>\n                               <div class=\"btn-position button-effect\"> \n                                    <a target=\"_blank\" href=\"https:\/\/emplois.ca.indeed.com\/jobs?q=%22Absolute+Results+Productions+Ltd%22+%2B+%22Automotive+Sales+Trainer%22&#038;l=&#038;from=searchOnDesktopSerp&#038;vjk=b61e482f409ef856&#038;hl=fr\">\n                                       <span class=\"circle\"><span class=\"fa fa-fw fa-arrow-right\"><\/span><\/span>\n                                        <span class=\"button-text\">Postuler<\/span>\n                                    <\/a>\n                                <\/div>\n                           <\/div>\n                        <\/div>\n                                            <\/div>\n                <\/div>\n            <\/div>\n        <\/div>\n    <\/div>\n<\/section>\n\n<section id=\"ExtraDefault1\" class=\"extra-default1\">\n    <div class=\"container\">\n        <h3>Trouvez votre place, l\u00e0 o\u00f9 vous pourrez atteindre vos objectifs professionnels : Absolute Results.<\/h3>\n         <div class=\"extra-default-button book-button button-effect2\"><a href=\"mailto:hr@absoluteresults.com\">Nous contacter. <\/a><\/div>\n    <\/div>\n<\/section>","protected":false},"excerpt":{"rendered":"","protected":false},"author":1,"featured_media":0,"parent":0,"menu_order":0,"comment_status":"closed","ping_status":"closed","template":"page-full.php","meta":{"kt_blocks_editor_width":""},"yoast_head":"<!-- This site is optimized with the Yoast SEO plugin v19.1 - https:\/\/yoast.com\/wordpress\/plugins\/seo\/ -->\n<title>LIB\u00c9RER VOTRE POTENTIEL INT\u00c9RIEUR - Absolute Results<\/title>\n<meta name=\"robots\" content=\"index, follow, max-snippet:-1, max-image-preview:large, max-video-preview:-1\" \/>\n<link rel=\"canonical\" href=\"http:\/\/34.221.9.48:80\/fr\/people-and-culture\/\" \/>\n<meta property=\"og:locale\" content=\"fr_FR\" \/>\n<meta property=\"og:type\" content=\"article\" \/>\n<meta property=\"og:title\" content=\"LIB\u00c9RER VOTRE POTENTIEL INT\u00c9RIEUR - Absolute Results\" \/>\n<meta property=\"og:url\" content=\"http:\/\/34.221.9.48:80\/fr\/people-and-culture\/\" \/>\n<meta property=\"og:site_name\" content=\"Absolute Results\" \/>\n<meta property=\"article:publisher\" content=\"https:\/\/www.facebook.com\/HelloAbsoluteResults\/\" \/>\n<meta property=\"article:modified_time\" content=\"2024-08-26T18:29:46+00:00\" \/>\n<meta name=\"twitter:card\" content=\"summary_large_image\" \/>\n<script type=\"application\/ld+json\" class=\"yoast-schema-graph\">{\"@context\":\"https:\/\/schema.org\",\"@graph\":[{\"@type\":\"Organization\",\"@id\":\"http:\/\/172.26.4.15\/#organization\",\"name\":\"Absolute Results\",\"url\":\"http:\/\/172.26.4.15\/\",\"sameAs\":[\"https:\/\/www.linkedin.com\/company\/helloabsoluteresults\/mycompany\/verification\/\",\"https:\/\/www.facebook.com\/HelloAbsoluteResults\/\"],\"logo\":{\"@type\":\"ImageObject\",\"inLanguage\":\"fr-FR\",\"@id\":\"http:\/\/172.26.4.15\/#\/schema\/logo\/image\/\",\"url\":\"http:\/\/172.26.4.15\/wp-content\/uploads\/2022\/07\/logo.png\",\"contentUrl\":\"http:\/\/172.26.4.15\/wp-content\/uploads\/2022\/07\/logo.png\",\"width\":190,\"height\":60,\"caption\":\"Absolute Results\"},\"image\":{\"@id\":\"http:\/\/172.26.4.15\/#\/schema\/logo\/image\/\"}},{\"@type\":\"WebSite\",\"@id\":\"http:\/\/172.26.4.15\/#website\",\"url\":\"http:\/\/172.26.4.15\/\",\"name\":\"Absolute Results\",\"description\":\"Helping Dealers Sell Cars Today and Tomorrow!\",\"publisher\":{\"@id\":\"http:\/\/172.26.4.15\/#organization\"},\"potentialAction\":[{\"@type\":\"SearchAction\",\"target\":{\"@type\":\"EntryPoint\",\"urlTemplate\":\"http:\/\/172.26.4.15\/?s={search_term_string}\"},\"query-input\":\"required name=search_term_string\"}],\"inLanguage\":\"fr-FR\"},{\"@type\":\"WebPage\",\"@id\":\"http:\/\/34.221.9.48:80\/fr\/people-and-culture\/#webpage\",\"url\":\"http:\/\/34.221.9.48:80\/fr\/people-and-culture\/\",\"name\":\"LIB\u00c9RER VOTRE POTENTIEL INT\u00c9RIEUR - Absolute Results\",\"isPartOf\":{\"@id\":\"http:\/\/172.26.4.15\/#website\"},\"datePublished\":\"2022-12-20T20:47:40+00:00\",\"dateModified\":\"2024-08-26T18:29:46+00:00\",\"breadcrumb\":{\"@id\":\"http:\/\/34.221.9.48:80\/fr\/people-and-culture\/#breadcrumb\"},\"inLanguage\":\"fr-FR\",\"potentialAction\":[{\"@type\":\"ReadAction\",\"target\":[\"http:\/\/34.221.9.48:80\/fr\/people-and-culture\/\"]}]},{\"@type\":\"BreadcrumbList\",\"@id\":\"http:\/\/34.221.9.48:80\/fr\/people-and-culture\/#breadcrumb\",\"itemListElement\":[{\"@type\":\"ListItem\",\"position\":1,\"name\":\"Home\",\"item\":\"https:\/\/unleash.absoluteresults.com\/fr\/\"},{\"@type\":\"ListItem\",\"position\":2,\"name\":\"LIB\u00c9RER VOTRE POTENTIEL INT\u00c9RIEUR\"}]}]}<\/script>\n<!-- \/ Yoast SEO plugin. -->","yoast_head_json":{"title":"LIB\u00c9RER VOTRE POTENTIEL INT\u00c9RIEUR - Absolute Results","robots":{"index":"index","follow":"follow","max-snippet":"max-snippet:-1","max-image-preview":"max-image-preview:large","max-video-preview":"max-video-preview:-1"},"canonical":"http:\/\/34.221.9.48:80\/fr\/people-and-culture\/","og_locale":"fr_FR","og_type":"article","og_title":"LIB\u00c9RER VOTRE POTENTIEL INT\u00c9RIEUR - Absolute Results","og_url":"http:\/\/34.221.9.48:80\/fr\/people-and-culture\/","og_site_name":"Absolute Results","article_publisher":"https:\/\/www.facebook.com\/HelloAbsoluteResults\/","article_modified_time":"2024-08-26T18:29:46+00:00","twitter_card":"summary_large_image","schema":{"@context":"https:\/\/schema.org","@graph":[{"@type":"Organization","@id":"http:\/\/172.26.4.15\/#organization","name":"Absolute Results","url":"http:\/\/172.26.4.15\/","sameAs":["https:\/\/www.linkedin.com\/company\/helloabsoluteresults\/mycompany\/verification\/","https:\/\/www.facebook.com\/HelloAbsoluteResults\/"],"logo":{"@type":"ImageObject","inLanguage":"fr-FR","@id":"http:\/\/172.26.4.15\/#\/schema\/logo\/image\/","url":"http:\/\/172.26.4.15\/wp-content\/uploads\/2022\/07\/logo.png","contentUrl":"http:\/\/172.26.4.15\/wp-content\/uploads\/2022\/07\/logo.png","width":190,"height":60,"caption":"Absolute Results"},"image":{"@id":"http:\/\/172.26.4.15\/#\/schema\/logo\/image\/"}},{"@type":"WebSite","@id":"http:\/\/172.26.4.15\/#website","url":"http:\/\/172.26.4.15\/","name":"Absolute Results","description":"Helping Dealers Sell Cars Today and Tomorrow!","publisher":{"@id":"http:\/\/172.26.4.15\/#organization"},"potentialAction":[{"@type":"SearchAction","target":{"@type":"EntryPoint","urlTemplate":"http:\/\/172.26.4.15\/?s={search_term_string}"},"query-input":"required name=search_term_string"}],"inLanguage":"fr-FR"},{"@type":"WebPage","@id":"http:\/\/34.221.9.48:80\/fr\/people-and-culture\/#webpage","url":"http:\/\/34.221.9.48:80\/fr\/people-and-culture\/","name":"LIB\u00c9RER VOTRE POTENTIEL INT\u00c9RIEUR - Absolute Results","isPartOf":{"@id":"http:\/\/172.26.4.15\/#website"},"datePublished":"2022-12-20T20:47:40+00:00","dateModified":"2024-08-26T18:29:46+00:00","breadcrumb":{"@id":"http:\/\/34.221.9.48:80\/fr\/people-and-culture\/#breadcrumb"},"inLanguage":"fr-FR","potentialAction":[{"@type":"ReadAction","target":["http:\/\/34.221.9.48:80\/fr\/people-and-culture\/"]}]},{"@type":"BreadcrumbList","@id":"http:\/\/34.221.9.48:80\/fr\/people-and-culture\/#breadcrumb","itemListElement":[{"@type":"ListItem","position":1,"name":"Home","item":"https:\/\/unleash.absoluteresults.com\/fr\/"},{"@type":"ListItem","position":2,"name":"LIB\u00c9RER VOTRE POTENTIEL INT\u00c9RIEUR"}]}]}},"_links":{"self":[{"href":"https:\/\/www.absoluteresults.com\/fr\/wp-json\/wp\/v2\/pages\/1152"}],"collection":[{"href":"https:\/\/www.absoluteresults.com\/fr\/wp-json\/wp\/v2\/pages"}],"about":[{"href":"https:\/\/www.absoluteresults.com\/fr\/wp-json\/wp\/v2\/types\/page"}],"author":[{"embeddable":true,"href":"https:\/\/www.absoluteresults.com\/fr\/wp-json\/wp\/v2\/users\/1"}],"replies":[{"embeddable":true,"href":"https:\/\/www.absoluteresults.com\/fr\/wp-json\/wp\/v2\/comments?post=1152"}],"version-history":[{"count":35,"href":"https:\/\/www.absoluteresults.com\/fr\/wp-json\/wp\/v2\/pages\/1152\/revisions"}],"predecessor-version":[{"id":1794,"href":"https:\/\/www.absoluteresults.com\/fr\/wp-json\/wp\/v2\/pages\/1152\/revisions\/1794"}],"wp:attachment":[{"href":"https:\/\/www.absoluteresults.com\/fr\/wp-json\/wp\/v2\/media?parent=1152"}],"curies":[{"name":"wp","href":"https:\/\/api.w.org\/{rel}","templated":true}]}}